{"id":123,"date":"2024-04-25T17:42:32","date_gmt":"2024-04-25T17:42:32","guid":{"rendered":"https:\/\/colegiomadredediosfr.cl\/?page_id=123"},"modified":"2025-04-22T14:28:22","modified_gmt":"2025-04-22T14:28:22","slug":"contacto","status":"publish","type":"page","link":"https:\/\/colegiomadredediosfr.cl\/index.php\/contacto\/","title":{"rendered":"CONTACTO"},"content":{"rendered":"<div data-colibri-id=\"123-c1\" class=\"style-367 style-local-123-c1 position-relative\">\n  <!---->\n  <div data-colibri-component=\"section\" data-colibri-id=\"123-c2\" id=\"overlappable\" class=\"h-section h-section-global-spacing d-flex align-items-lg-center align-items-md-center align-items-center style-381 style-local-123-c2 position-relative\">\n    <!---->\n    <!---->\n    <div class=\"h-section-grid-container h-section-boxed-container\">\n      <!---->\n      <div data-colibri-id=\"123-c3\" class=\"h-row-container gutters-row-lg-0 gutters-row-md-0 gutters-row-2 gutters-row-v-lg-0 gutters-row-v-md-0 gutters-row-v-2 style-382 style-local-123-c3 position-relative\">\n        <!---->\n        <div class=\"h-row justify-content-lg-center justify-content-md-center justify-content-center align-items-lg-stretch align-items-md-stretch align-items-stretch gutters-col-lg-0 gutters-col-md-0 gutters-col-2 gutters-col-v-lg-0 gutters-col-v-md-0 gutters-col-v-2\">\n          <!---->\n          <div class=\"h-column h-column-container d-flex h-col-lg-4 h-col-md-4 h-col-12 style-383-outer style-local-123-c4-outer\">\n            <div data-colibri-id=\"123-c4\" class=\"d-flex h-flex-basis h-column__inner h-px-lg-3 h-px-md-3 h-px-2 v-inner-lg-3 v-inner-md-3 v-inner-2 style-383 style-local-123-c4 position-relative\">\n              <!---->\n              <!---->\n              <div class=\"w-100 h-y-container h-column__content h-column__v-align flex-basis-100 align-self-lg-start align-self-md-start align-self-start\">\n                <!---->\n                <div data-colibri-id=\"123-c5\" class=\"h-icon style-384 style-local-123-c5 position-relative h-element\">\n                  <!----><span class=\"h-svg-icon h-icon__icon style-384-icon style-local-123-c5-icon\"><!--Icon by Font Awesome (https:\/\/fontawesome.com)-->\n    <svg version=\"1.1\" xmlns=\"http:\/\/www.w3.org\/2000\/svg\" xmlns:xlink=\"http:\/\/www.w3.org\/1999\/xlink\" id=\"phone-square\" viewBox=\"0 0 1536 1896.0833\">\n      <path d=\"M1280 1193q0-11-2-16t-18-16.5-40.5-25-47.5-26.5-45.5-25-28.5-15q-5-3-19-13t-25-15-21-5q-15 0-36.5 20.5t-39.5 45-38.5 45T885 1167q-7 0-16.5-3.5T853 1157t-17-9.5-14-8.5q-99-55-170-126.5T525 842q-2-3-8.5-14t-9.5-17-6.5-15.5T497 779q0-13 20.5-33.5t45-38.5 45-39.5T628 631q0-10-5-21t-15-25-13-19q-3-6-15-28.5T555 492t-26.5-47.5-25-40.5-16.5-18-16-2q-48 0-101 22-46 21-80 94.5T256 631q0 16 2.5 34t5 30.5 9 33 10 29.5 12.5 33 11 30q60 164 216.5 320.5T843 1358q6 2 30 11t33 12.5 29.5 10 33 9 30.5 5 34 2.5q57 0 130.5-34t94.5-80q22-53 22-101zm256-777v960q0 119-84.5 203.5T1248 1664H288q-119 0-203.5-84.5T0 1376V416q0-119 84.5-203.5T288 128h960q119 0 203.5 84.5T1536 416z\"><\/path>\n    <\/svg><\/span><\/div>\n                <div data-colibri-id=\"123-c6\" class=\"h-global-transition-all h-heading style-385 style-local-123-c6 position-relative h-element\">\n                  <!---->\n                  <div class=\"h-heading__outer style-385 style-local-123-c6\">\n                    <!---->\n                    <!---->\n                    <h5 class=\"\">t\u00e9lefono de contacto<\/h5>\n                  <\/div>\n                <\/div>\n                <div data-colibri-id=\"123-c7\" class=\"h-text h-text-component style-386 style-local-123-c7 position-relative h-element\">\n                  <!---->\n                  <!---->\n                  <div class=\"\">\n                    <p><strong style=\"font-size: small; color: rgb(204, 0, 0); font-family: arial, sans-serif;\">65 2 421219<\/strong><\/p>\n                  <\/div>\n                <\/div>\n              <\/div>\n            <\/div>\n          <\/div>\n          <div class=\"h-column h-column-container d-flex h-col-lg-4 h-col-md-4 h-col-12 style-383-outer style-local-123-c8-outer\">\n            <div data-colibri-id=\"123-c8\" class=\"d-flex h-flex-basis h-column__inner h-px-lg-3 h-px-md-3 h-px-2 v-inner-lg-3 v-inner-md-3 v-inner-2 style-383 style-local-123-c8 position-relative\">\n              <!---->\n              <!---->\n              <div class=\"w-100 h-y-container h-column__content h-column__v-align flex-basis-100 align-self-lg-start align-self-md-start align-self-start\">\n                <!---->\n                <div data-colibri-id=\"123-c9\" class=\"h-icon style-384 style-local-123-c9 position-relative h-element\">\n                  <!----><span class=\"h-svg-icon h-icon__icon style-384-icon style-local-123-c9-icon\"><!--Icon by Font Awesome (https:\/\/fontawesome.com)-->\n    <svg version=\"1.1\" xmlns=\"http:\/\/www.w3.org\/2000\/svg\" xmlns:xlink=\"http:\/\/www.w3.org\/1999\/xlink\" id=\"map-marker\" viewBox=\"0 0 1049.8953 1896.0833\">\n      <path d=\"M768 640q0-106-75-181t-181-75-181 75-75 181 75 181 181 75 181-75 75-181zm256 0q0 109-33 179l-364 774q-16 33-47.5 52t-67.5 19-67.5-19-46.5-52L33 819Q0 749 0 640q0-212 150-362t362-150 362 150 150 362z\"><\/path>\n    <\/svg><\/span><\/div>\n                <div data-colibri-id=\"123-c10\" class=\"h-global-transition-all h-heading style-385 style-local-123-c10 position-relative h-element\">\n                  <!---->\n                  <div class=\"h-heading__outer style-385 style-local-123-c10\">\n                    <!---->\n                    <!---->\n                    <h5 class=\"\">Ubicaci\u00f3n<\/h5>\n                  <\/div>\n                <\/div>\n                <div data-colibri-id=\"123-c11\" class=\"h-text h-text-component style-386 style-local-123-c11 position-relative h-element\">\n                  <!---->\n                  <!---->\n                  <div class=\"\">\n                    <p>Colegio Madre De Dios, ubicado en Carlos Richter 290, Frutillar, Regi\u00f3n de Los Lagos, Chile.<\/p>\n                    <p>\n                      <br>\n                    <\/p>\n                  <\/div>\n                <\/div>\n                <div data-colibri-id=\"123-c12\" class=\"h-x-container style-387 style-local-123-c12 position-relative h-element\">\n                  <!---->\n                  <div class=\"h-x-container-inner style-dynamic-123-c12-group style-387-spacing style-local-123-c12-spacing\"><span class=\"h-link__outer style-388-outer style-local-123-c13-outer d-inline-flex h-element\"><a h-use-smooth-scroll=\"true\" href=\"https:\/\/maps.app.goo.gl\/s29vcQDp1nLSC7Dj9\"  data-colibri-id=\"123-c13\" class=\"d-flex w-100 align-items-center h-link style-388 style-local-123-c13 position-relative\"><!----><!----> <span>Google Maps<\/span>                    <span class=\"h-svg-icon h-link__icon style-388-icon style-local-123-c13-icon\"><!--Icon by Icons8 Line Awesome (https:\/\/icons8.com\/line-awesome)--><svg version=\"1.1\" xmlns=\"http:\/\/www.w3.org\/2000\/svg\" xmlns:xlink=\"http:\/\/www.w3.org\/1999\/xlink\" id=\"angle-double-right\" viewBox=\"0 0 512 545.5\"><path d=\"M145.5 108.5l168 168L325 288l-11.5 11.5-168 168-22.5-23L279.5 288 123 131.5zm112 0l168 168L437 288l-11.5 11.5-168 168-22.5-23L391.5 288 235 131.5z\"><\/path><\/svg><\/span><\/a>\n                    <\/span>\n                  <\/div>\n                <\/div>\n              <\/div>\n            <\/div>\n          <\/div>\n          <div class=\"h-column h-column-container d-flex h-col-lg-4 h-col-md-4 h-col-12 style-383-outer style-local-123-c14-outer\">\n            <div data-colibri-id=\"123-c14\" class=\"d-flex h-flex-basis h-column__inner h-px-lg-3 h-px-md-3 h-px-2 v-inner-lg-3 v-inner-md-3 v-inner-2 style-383 style-local-123-c14 position-relative\">\n              <!---->\n              <!---->\n              <div class=\"w-100 h-y-container h-column__content h-column__v-align flex-basis-100 align-self-lg-start align-self-md-start align-self-start\">\n                <!---->\n                <div data-colibri-id=\"123-c15\" class=\"h-icon style-384 style-local-123-c15 position-relative h-element\">\n                  <!----><span class=\"h-svg-icon h-icon__icon style-384-icon style-local-123-c15-icon\"><!--Icon by Font Awesome (https:\/\/fontawesome.com)-->\n    <svg version=\"1.1\" xmlns=\"http:\/\/www.w3.org\/2000\/svg\" xmlns:xlink=\"http:\/\/www.w3.org\/1999\/xlink\" id=\"clock-o\" viewBox=\"0 0 1536 1896.0833\">\n      <path d=\"M896 544v448q0 14-9 23t-23 9H544q-14 0-23-9t-9-23v-64q0-14 9-23t23-9h224V544q0-14 9-23t23-9h64q14 0 23 9t9 23zm416 352q0-148-73-273t-198-198-273-73-273 73-198 198-73 273 73 273 198 198 273 73 273-73 198-198 73-273zm224 0q0 209-103 385.5T1153.5 1561 768 1664t-385.5-103T103 1281.5 0 896t103-385.5T382.5 231 768 128t385.5 103T1433 510.5 1536 896z\"><\/path>\n    <\/svg><\/span><\/div>\n                <div data-colibri-id=\"123-c16\" class=\"h-global-transition-all h-heading style-385 style-local-123-c16 position-relative h-element\">\n                  <!---->\n                  <div class=\"h-heading__outer style-385 style-local-123-c16\">\n                    <!---->\n                    <!---->\n                    <h5 class=\"\">Horarios de atenci\u00f3n:<\/h5>\n                  <\/div>\n                <\/div>\n                <div data-colibri-id=\"123-c17\" class=\"h-text h-text-component style-386 style-local-123-c17 position-relative h-element\">\n                  <!---->\n                  <!---->\n                  <div class=\"\">\n                    <p>Lunes a Jueves: 8:00 &#8211; 17:00<\/p>\n                    <p>Viernes: 8:00 &#8211; 16:00&nbsp;<\/p>\n                    <p>S\u00e1bado y Domingo: CERRADO<\/p>\n                  <\/div>\n                <\/div>\n              <\/div>\n            <\/div>\n          <\/div>\n        <\/div>\n      <\/div>\n    <\/div>\n  <\/div>\n<\/div>","protected":false},"excerpt":{"rendered":"<p>t\u00e9lefono de contacto 65 2 421219 Ubicaci\u00f3n Colegio Madre De Dios, ubicado en Carlos Richter 290, Frutillar, Regi\u00f3n de Los Lagos, Chile. Google Maps Horarios de atenci\u00f3n: Lunes a Jueves: 8:00 &#8211; 17:00 Viernes: 8:00 &#8211; 16:00&nbsp; S\u00e1bado y Domingo: CERRADO<\/p>\n","protected":false},"author":1,"featured_media":0,"parent":0,"menu_order":0,"comment_status":"closed","ping_status":"closed","template":"page-templates\/full-width-page.php","meta":{"footnotes":""},"class_list":["post-123","page","type-page","status-publish","hentry"],"_links":{"self":[{"href":"https:\/\/colegiomadredediosfr.cl\/index.php\/wp-json\/wp\/v2\/pages\/123","targetHints":{"allow":["GET"]}}],"collection":[{"href":"https:\/\/colegiomadredediosfr.cl\/index.php\/wp-json\/wp\/v2\/pages"}],"about":[{"href":"https:\/\/colegiomadredediosfr.cl\/index.php\/wp-json\/wp\/v2\/types\/page"}],"author":[{"embeddable":true,"href":"https:\/\/colegiomadredediosfr.cl\/index.php\/wp-json\/wp\/v2\/users\/1"}],"replies":[{"embeddable":true,"href":"https:\/\/colegiomadredediosfr.cl\/index.php\/wp-json\/wp\/v2\/comments?post=123"}],"version-history":[{"count":3,"href":"https:\/\/colegiomadredediosfr.cl\/index.php\/wp-json\/wp\/v2\/pages\/123\/revisions"}],"predecessor-version":[{"id":695,"href":"https:\/\/colegiomadredediosfr.cl\/index.php\/wp-json\/wp\/v2\/pages\/123\/revisions\/695"}],"wp:attachment":[{"href":"https:\/\/colegiomadredediosfr.cl\/index.php\/wp-json\/wp\/v2\/media?parent=123"}],"curies":[{"name":"wp","href":"https:\/\/api.w.org\/{rel}","templated":true}]}}