{"id":119,"date":"2024-04-25T17:42:32","date_gmt":"2024-04-25T17:42:32","guid":{"rendered":"https:\/\/colegiomadredediosfr.cl\/?page_id=119"},"modified":"2025-04-22T16:08:21","modified_gmt":"2025-04-22T16:08:21","slug":"quienes-somos","status":"publish","type":"page","link":"https:\/\/colegiomadredediosfr.cl\/index.php\/quienes-somos\/","title":{"rendered":"QUIENES SOMOS"},"content":{"rendered":"\t\t<div data-elementor-type=\"wp-page\" data-elementor-id=\"119\" class=\"elementor elementor-119\">\n\t\t\t\t<div class=\"elementor-element elementor-element-371241f3 e-flex e-con-boxed e-con e-parent\" data-id=\"371241f3\" data-element_type=\"container\">\n\t\t\t\t\t<div class=\"e-con-inner\">\n\t\t\t\t<div class=\"elementor-element elementor-element-a0f01ee elementor-widget elementor-widget-heading\" data-id=\"a0f01ee\" data-element_type=\"widget\" data-widget_type=\"heading.default\">\n\t\t\t\t<div class=\"elementor-widget-container\">\n\t\t\t\t\t<h2 class=\"elementor-heading-title elementor-size-default\">Nuestra Historia<\/h2>\t\t\t\t<\/div>\n\t\t\t\t<\/div>\n\t\t\t\t<div class=\"elementor-element elementor-element-9729ae4 elementor-widget elementor-widget-text-editor\" data-id=\"9729ae4\" data-element_type=\"widget\" data-widget_type=\"text-editor.default\">\n\t\t\t\t<div class=\"elementor-widget-container\">\n\t\t\t\t\t\t\t\t\t<p><span style=\"text-align: var(--text-align);\">El Colegio Madre de Dios de Frutillar es un establecimiento educacional de confesi\u00f3n cat\u00f3lica dirigida por las Religiosas Hijas de la Divina Providencia que atiende a ni\u00f1os y j\u00f3venes de la comuna, inculcando valores humanos y cristianismos para su crecimiento integral. Cuenta con docentes comprometidos y padres que han confiado en el Colegio para brindarle a sus hijos una educaci\u00f3n de calidad e inclusiva.<\/span><\/p>\t\t\t\t\t\t\t\t<\/div>\n\t\t\t\t<\/div>\n\t\t\t\t<div class=\"elementor-element elementor-element-069d5ec elementor-widget elementor-widget-heading\" data-id=\"069d5ec\" data-element_type=\"widget\" data-widget_type=\"heading.default\">\n\t\t\t\t<div class=\"elementor-widget-container\">\n\t\t\t\t\t<h2 class=\"elementor-heading-title elementor-size-default\">Misi\u00f3n.<\/h2>\t\t\t\t<\/div>\n\t\t\t\t<\/div>\n\t\t\t\t<div class=\"elementor-element elementor-element-7d32844 elementor-widget elementor-widget-text-editor\" data-id=\"7d32844\" data-element_type=\"widget\" data-widget_type=\"text-editor.default\">\n\t\t\t\t<div class=\"elementor-widget-container\">\n\t\t\t\t\t\t\t\t\t<p>La misi\u00f3n del colegio es educar en la fe cristiana cat\u00f3lica y en la espiritualidad de las Hijas de la Divina Providencia a ni\u00f1os y j\u00f3venes, procur\u00e1ndoles una formaci\u00f3n integral de calidad e inclusiva, con el desarrollo pleno de sus capacidades y de la promoci\u00f3n de valores, en un clima comunitario y participativo con esp\u00edritu de familia.<\/p>\t\t\t\t\t\t\t\t<\/div>\n\t\t\t\t<\/div>\n\t\t\t\t<div class=\"elementor-element elementor-element-4376caa elementor-widget elementor-widget-heading\" data-id=\"4376caa\" data-element_type=\"widget\" data-widget_type=\"heading.default\">\n\t\t\t\t<div class=\"elementor-widget-container\">\n\t\t\t\t\t<h2 class=\"elementor-heading-title elementor-size-default\">Visi\u00f3n<\/h2>\t\t\t\t<\/div>\n\t\t\t\t<\/div>\n\t\t\t\t<div class=\"elementor-element elementor-element-8c15e98 elementor-widget elementor-widget-text-editor\" data-id=\"8c15e98\" data-element_type=\"widget\" data-widget_type=\"text-editor.default\">\n\t\t\t\t<div class=\"elementor-widget-container\">\n\t\t\t\t\t\t\t\t\t<p>La visi\u00f3n es ser una comunidad educativa con una propuesta inclusiva que forme personas con base cient\u00edfico-humanista capaces de integrar la Fe a la Cultura y a la Vida, y que impregnados de la espiritualidad Bettiniana, act\u00faen conforme a ella, coherente, aut\u00f3noma, cr\u00edtica y reflexivamente en una sociedad en permanente cambio.<\/p>\t\t\t\t\t\t\t\t<\/div>\n\t\t\t\t<\/div>\n\t\t\t\t\t<\/div>\n\t\t\t\t<\/div>\n\t\t<div class=\"elementor-element elementor-element-5fba4d2 e-flex e-con-boxed e-con e-parent\" data-id=\"5fba4d2\" data-element_type=\"container\">\n\t\t\t\t\t<div class=\"e-con-inner\">\n\t\t\t\t<div class=\"elementor-element elementor-element-85c2eb2 elementor-widget elementor-widget-image\" data-id=\"85c2eb2\" data-element_type=\"widget\" data-widget_type=\"image.default\">\n\t\t\t\t<div class=\"elementor-widget-container\">\n\t\t\t\t\t\t\t\t\t\t\t\t\t\t\t<img fetchpriority=\"high\" decoding=\"async\" width=\"1024\" height=\"576\" src=\"https:\/\/colegiomadredediosfr.cl\/wp-content\/uploads\/2025\/03\/Diseno-sin-titulo-1024x576.png\" class=\"attachment-large size-large wp-image-492\" alt=\"\" srcset=\"https:\/\/colegiomadredediosfr.cl\/wp-content\/uploads\/2025\/03\/Diseno-sin-titulo-1024x576.png 1024w, https:\/\/colegiomadredediosfr.cl\/wp-content\/uploads\/2025\/03\/Diseno-sin-titulo-300x169.png 300w, https:\/\/colegiomadredediosfr.cl\/wp-content\/uploads\/2025\/03\/Diseno-sin-titulo-768x432.png 768w, https:\/\/colegiomadredediosfr.cl\/wp-content\/uploads\/2025\/03\/Diseno-sin-titulo-1536x864.png 1536w, https:\/\/colegiomadredediosfr.cl\/wp-content\/uploads\/2025\/03\/Diseno-sin-titulo.png 1920w\" sizes=\"(max-width: 1024px) 100vw, 1024px\" \/>\t\t\t\t\t\t\t\t\t\t\t\t\t\t\t<\/div>\n\t\t\t\t<\/div>\n\t\t\t\t\t<\/div>\n\t\t\t\t<\/div>\n\t\t\t\t<\/div>\n\t\t","protected":false},"excerpt":{"rendered":"<p>El Colegio Madre de Dios de Frutillar es un establecimiento educacional de confesi\u00f3n cat\u00f3lica dirigido por las Religiosas Hijas de la Divina Providencia que atiende a ni\u00f1os y j\u00f3venes de la comuna inculcando valores humanos y cristianos para su crecimiento integral. Cuenta con docentes comprometidos y padres que han confiado en el Colegio para brindarle [&hellip;]<\/p>\n","protected":false},"author":1,"featured_media":0,"parent":0,"menu_order":0,"comment_status":"closed","ping_status":"closed","template":"page-templates\/full-width-page.php","meta":{"footnotes":""},"class_list":["post-119","page","type-page","status-publish","hentry"],"_links":{"self":[{"href":"https:\/\/colegiomadredediosfr.cl\/index.php\/wp-json\/wp\/v2\/pages\/119","targetHints":{"allow":["GET"]}}],"collection":[{"href":"https:\/\/colegiomadredediosfr.cl\/index.php\/wp-json\/wp\/v2\/pages"}],"about":[{"href":"https:\/\/colegiomadredediosfr.cl\/index.php\/wp-json\/wp\/v2\/types\/page"}],"author":[{"embeddable":true,"href":"https:\/\/colegiomadredediosfr.cl\/index.php\/wp-json\/wp\/v2\/users\/1"}],"replies":[{"embeddable":true,"href":"https:\/\/colegiomadredediosfr.cl\/index.php\/wp-json\/wp\/v2\/comments?post=119"}],"version-history":[{"count":20,"href":"https:\/\/colegiomadredediosfr.cl\/index.php\/wp-json\/wp\/v2\/pages\/119\/revisions"}],"predecessor-version":[{"id":842,"href":"https:\/\/colegiomadredediosfr.cl\/index.php\/wp-json\/wp\/v2\/pages\/119\/revisions\/842"}],"wp:attachment":[{"href":"https:\/\/colegiomadredediosfr.cl\/index.php\/wp-json\/wp\/v2\/media?parent=119"}],"curies":[{"name":"wp","href":"https:\/\/api.w.org\/{rel}","templated":true}]}}